{"id":1242,"date":"2022-08-16T05:21:21","date_gmt":"2022-08-16T05:21:21","guid":{"rendered":"https:\/\/ontwerp.jdebrouwer-fons.info\/?page_id=1242"},"modified":"2022-11-10T09:40:12","modified_gmt":"2022-11-10T09:40:12","slug":"presentatie-demonstratie-of-workshop","status":"publish","type":"page","link":"https:\/\/jdebrouwer-fons.info\/?page_id=1242","title":{"rendered":"Presentatie, demonstratie of workshop"},"content":{"rendered":"\n<figure class=\"wp-block-image alignright size-medium has-custom-border\"><img fetchpriority=\"high\" decoding=\"async\" width=\"225\" height=\"300\" src=\"https:\/\/jdebrouwer-fons.info\/wp-content\/uploads\/2022\/11\/PZC-3-225x300.jpg\" alt=\"\" class=\"wp-image-1583\" style=\"border-style:none;border-width:0px\" srcset=\"https:\/\/jdebrouwer-fons.info\/wp-content\/uploads\/2022\/11\/PZC-3-225x300.jpg 225w, https:\/\/jdebrouwer-fons.info\/wp-content\/uploads\/2022\/11\/PZC-3-768x1024.jpg 768w, https:\/\/jdebrouwer-fons.info\/wp-content\/uploads\/2022\/11\/PZC-3-1152x1536.jpg 1152w, https:\/\/jdebrouwer-fons.info\/wp-content\/uploads\/2022\/11\/PZC-3.jpg 1536w\" sizes=\"(max-width: 225px) 100vw, 225px\" \/><\/figure>\n\n\n\n<p><\/p>\n\n\n\n<p>Wilt u tijdens een groepsbijeenkomst een presentatie over het opzetten van dieren?<\/p>\n\n\n\n<p>Of wilt u een keer zien hoe een vogel wordt geprepareerd? Ook kunt u tijdens een priv\u00e9 workshop van drie dagdelen, waarbij u \u00e9\u00e9n op \u00e9\u00e9n instructie krijgt, zelf een vogel opzetten. Wij zorgen voor een vogel. U kunt het preparaat aan het eind van de workshop mee naar huis nemen.<\/p>\n\n\n\n<p>Incidenteel zijn er plaatsen vrij voor ge\u00efnteresseerden. De sessies zijn meestal \u2018s avonds. De data en tijden zijn in overleg. Minimum leeftijd: 16 jaar.<\/p>\n\n\n\n<p>Heeft u vragen over beschikbare data en kosten?<a href=\"https:\/\/jdebrouwer-fons.info\/?page_id=349\"> Neem dan contact op<\/a>.<\/p>\n","protected":false},"excerpt":{"rendered":"<p>Wilt u tijdens een groepsbijeenkomst een presentatie over het opzetten van dieren? Of wilt u een keer zien hoe een vogel wordt geprepareerd? Ook kunt u tijdens een priv\u00e9 workshop van drie dagdelen, waarbij u \u00e9\u00e9n op \u00e9\u00e9n instructie krijgt, zelf een vogel opzetten. Wij zorgen voor een vogel. U kunt het preparaat aan het [&hellip;]<\/p>\n","protected":false},"author":1,"featured_media":0,"parent":459,"menu_order":9,"comment_status":"closed","ping_status":"closed","template":"","meta":{"footnotes":""},"class_list":["post-1242","page","type-page","status-publish","hentry"],"blocksy_meta":{"styles_descriptor":{"styles":{"desktop":"","tablet":"","mobile":""},"google_fonts":[],"version":6}},"yoast_head":"<!-- This site is optimized with the Yoast SEO plugin v27.5 - https:\/\/yoast.com\/product\/yoast-seo-wordpress\/ -->\n<title>Presentatie, demonstratie of workshop - J. de Brouwer (Fons) kunstschilder en preparateur<\/title>\n<meta name=\"robots\" content=\"index, follow, max-snippet:-1, max-image-preview:large, max-video-preview:-1\" \/>\n<link rel=\"canonical\" href=\"https:\/\/jdebrouwer-fons.info\/?page_id=1242\" \/>\n<meta property=\"og:locale\" content=\"nl_NL\" \/>\n<meta property=\"og:type\" content=\"article\" \/>\n<meta property=\"og:title\" content=\"Presentatie, demonstratie of workshop - J. de Brouwer (Fons) kunstschilder en preparateur\" \/>\n<meta property=\"og:description\" content=\"Wilt u tijdens een groepsbijeenkomst een presentatie over het opzetten van dieren? Of wilt u een keer zien hoe een vogel wordt geprepareerd? Ook kunt u tijdens een priv\u00e9 workshop van drie dagdelen, waarbij u \u00e9\u00e9n op \u00e9\u00e9n instructie krijgt, zelf een vogel opzetten. Wij zorgen voor een vogel. U kunt het preparaat aan het [&hellip;]\" \/>\n<meta property=\"og:url\" content=\"https:\/\/jdebrouwer-fons.info\/?page_id=1242\" \/>\n<meta property=\"og:site_name\" content=\"J. de Brouwer (Fons) kunstschilder en preparateur\" \/>\n<meta property=\"article:modified_time\" content=\"2022-11-10T09:40:12+00:00\" \/>\n<meta property=\"og:image\" content=\"https:\/\/jdebrouwer-fons.info\/wp-content\/uploads\/2022\/11\/PZC-3-225x300.jpg\" \/>\n<meta name=\"twitter:card\" content=\"summary_large_image\" \/>\n<script type=\"application\/ld+json\" class=\"yoast-schema-graph\">{\"@context\":\"https:\\\/\\\/schema.org\",\"@graph\":[{\"@type\":\"WebPage\",\"@id\":\"https:\\\/\\\/jdebrouwer-fons.info\\\/?page_id=1242\",\"url\":\"https:\\\/\\\/jdebrouwer-fons.info\\\/?page_id=1242\",\"name\":\"Presentatie, demonstratie of workshop - J. de Brouwer (Fons) kunstschilder en preparateur\",\"isPartOf\":{\"@id\":\"https:\\\/\\\/jdebrouwer-fons.info\\\/#website\"},\"primaryImageOfPage\":{\"@id\":\"https:\\\/\\\/jdebrouwer-fons.info\\\/?page_id=1242#primaryimage\"},\"image\":{\"@id\":\"https:\\\/\\\/jdebrouwer-fons.info\\\/?page_id=1242#primaryimage\"},\"thumbnailUrl\":\"https:\\\/\\\/jdebrouwer-fons.info\\\/wp-content\\\/uploads\\\/2022\\\/11\\\/PZC-3-225x300.jpg\",\"datePublished\":\"2022-08-16T05:21:21+00:00\",\"dateModified\":\"2022-11-10T09:40:12+00:00\",\"breadcrumb\":{\"@id\":\"https:\\\/\\\/jdebrouwer-fons.info\\\/?page_id=1242#breadcrumb\"},\"inLanguage\":\"nl-NL\",\"potentialAction\":[{\"@type\":\"ReadAction\",\"target\":[\"https:\\\/\\\/jdebrouwer-fons.info\\\/?page_id=1242\"]}]},{\"@type\":\"ImageObject\",\"inLanguage\":\"nl-NL\",\"@id\":\"https:\\\/\\\/jdebrouwer-fons.info\\\/?page_id=1242#primaryimage\",\"url\":\"https:\\\/\\\/jdebrouwer-fons.info\\\/wp-content\\\/uploads\\\/2022\\\/11\\\/PZC-3.jpg\",\"contentUrl\":\"https:\\\/\\\/jdebrouwer-fons.info\\\/wp-content\\\/uploads\\\/2022\\\/11\\\/PZC-3.jpg\",\"width\":1536,\"height\":2048},{\"@type\":\"BreadcrumbList\",\"@id\":\"https:\\\/\\\/jdebrouwer-fons.info\\\/?page_id=1242#breadcrumb\",\"itemListElement\":[{\"@type\":\"ListItem\",\"position\":1,\"name\":\"Home\",\"item\":\"https:\\\/\\\/jdebrouwer-fons.info\\\/\"},{\"@type\":\"ListItem\",\"position\":2,\"name\":\"Home\",\"item\":\"https:\\\/\\\/jdebrouwer-fons.info\\\/\"},{\"@type\":\"ListItem\",\"position\":3,\"name\":\"Presentatie, demonstratie of workshop\"}]},{\"@type\":\"WebSite\",\"@id\":\"https:\\\/\\\/jdebrouwer-fons.info\\\/#website\",\"url\":\"https:\\\/\\\/jdebrouwer-fons.info\\\/\",\"name\":\"J. de Brouwer (Fons) kunstschilder en preparateur\",\"description\":\"Just another WordPress site\",\"potentialAction\":[{\"@type\":\"SearchAction\",\"target\":{\"@type\":\"EntryPoint\",\"urlTemplate\":\"https:\\\/\\\/jdebrouwer-fons.info\\\/?s={search_term_string}\"},\"query-input\":{\"@type\":\"PropertyValueSpecification\",\"valueRequired\":true,\"valueName\":\"search_term_string\"}}],\"inLanguage\":\"nl-NL\"}]}<\/script>\n<!-- \/ Yoast SEO plugin. -->","yoast_head_json":{"title":"Presentatie, demonstratie of workshop - J. de Brouwer (Fons) kunstschilder en preparateur","robots":{"index":"index","follow":"follow","max-snippet":"max-snippet:-1","max-image-preview":"max-image-preview:large","max-video-preview":"max-video-preview:-1"},"canonical":"https:\/\/jdebrouwer-fons.info\/?page_id=1242","og_locale":"nl_NL","og_type":"article","og_title":"Presentatie, demonstratie of workshop - J. de Brouwer (Fons) kunstschilder en preparateur","og_description":"Wilt u tijdens een groepsbijeenkomst een presentatie over het opzetten van dieren? Of wilt u een keer zien hoe een vogel wordt geprepareerd? Ook kunt u tijdens een priv\u00e9 workshop van drie dagdelen, waarbij u \u00e9\u00e9n op \u00e9\u00e9n instructie krijgt, zelf een vogel opzetten. Wij zorgen voor een vogel. U kunt het preparaat aan het [&hellip;]","og_url":"https:\/\/jdebrouwer-fons.info\/?page_id=1242","og_site_name":"J. de Brouwer (Fons) kunstschilder en preparateur","article_modified_time":"2022-11-10T09:40:12+00:00","og_image":[{"url":"https:\/\/jdebrouwer-fons.info\/wp-content\/uploads\/2022\/11\/PZC-3-225x300.jpg","type":"","width":"","height":""}],"twitter_card":"summary_large_image","schema":{"@context":"https:\/\/schema.org","@graph":[{"@type":"WebPage","@id":"https:\/\/jdebrouwer-fons.info\/?page_id=1242","url":"https:\/\/jdebrouwer-fons.info\/?page_id=1242","name":"Presentatie, demonstratie of workshop - J. de Brouwer (Fons) kunstschilder en preparateur","isPartOf":{"@id":"https:\/\/jdebrouwer-fons.info\/#website"},"primaryImageOfPage":{"@id":"https:\/\/jdebrouwer-fons.info\/?page_id=1242#primaryimage"},"image":{"@id":"https:\/\/jdebrouwer-fons.info\/?page_id=1242#primaryimage"},"thumbnailUrl":"https:\/\/jdebrouwer-fons.info\/wp-content\/uploads\/2022\/11\/PZC-3-225x300.jpg","datePublished":"2022-08-16T05:21:21+00:00","dateModified":"2022-11-10T09:40:12+00:00","breadcrumb":{"@id":"https:\/\/jdebrouwer-fons.info\/?page_id=1242#breadcrumb"},"inLanguage":"nl-NL","potentialAction":[{"@type":"ReadAction","target":["https:\/\/jdebrouwer-fons.info\/?page_id=1242"]}]},{"@type":"ImageObject","inLanguage":"nl-NL","@id":"https:\/\/jdebrouwer-fons.info\/?page_id=1242#primaryimage","url":"https:\/\/jdebrouwer-fons.info\/wp-content\/uploads\/2022\/11\/PZC-3.jpg","contentUrl":"https:\/\/jdebrouwer-fons.info\/wp-content\/uploads\/2022\/11\/PZC-3.jpg","width":1536,"height":2048},{"@type":"BreadcrumbList","@id":"https:\/\/jdebrouwer-fons.info\/?page_id=1242#breadcrumb","itemListElement":[{"@type":"ListItem","position":1,"name":"Home","item":"https:\/\/jdebrouwer-fons.info\/"},{"@type":"ListItem","position":2,"name":"Home","item":"https:\/\/jdebrouwer-fons.info\/"},{"@type":"ListItem","position":3,"name":"Presentatie, demonstratie of workshop"}]},{"@type":"WebSite","@id":"https:\/\/jdebrouwer-fons.info\/#website","url":"https:\/\/jdebrouwer-fons.info\/","name":"J. de Brouwer (Fons) kunstschilder en preparateur","description":"Just another WordPress site","potentialAction":[{"@type":"SearchAction","target":{"@type":"EntryPoint","urlTemplate":"https:\/\/jdebrouwer-fons.info\/?s={search_term_string}"},"query-input":{"@type":"PropertyValueSpecification","valueRequired":true,"valueName":"search_term_string"}}],"inLanguage":"nl-NL"}]}},"_links":{"self":[{"href":"https:\/\/jdebrouwer-fons.info\/index.php?rest_route=\/wp\/v2\/pages\/1242","targetHints":{"allow":["GET"]}}],"collection":[{"href":"https:\/\/jdebrouwer-fons.info\/index.php?rest_route=\/wp\/v2\/pages"}],"about":[{"href":"https:\/\/jdebrouwer-fons.info\/index.php?rest_route=\/wp\/v2\/types\/page"}],"author":[{"embeddable":true,"href":"https:\/\/jdebrouwer-fons.info\/index.php?rest_route=\/wp\/v2\/users\/1"}],"replies":[{"embeddable":true,"href":"https:\/\/jdebrouwer-fons.info\/index.php?rest_route=%2Fwp%2Fv2%2Fcomments&post=1242"}],"version-history":[{"count":5,"href":"https:\/\/jdebrouwer-fons.info\/index.php?rest_route=\/wp\/v2\/pages\/1242\/revisions"}],"predecessor-version":[{"id":1584,"href":"https:\/\/jdebrouwer-fons.info\/index.php?rest_route=\/wp\/v2\/pages\/1242\/revisions\/1584"}],"up":[{"embeddable":true,"href":"https:\/\/jdebrouwer-fons.info\/index.php?rest_route=\/wp\/v2\/pages\/459"}],"wp:attachment":[{"href":"https:\/\/jdebrouwer-fons.info\/index.php?rest_route=%2Fwp%2Fv2%2Fmedia&parent=1242"}],"curies":[{"name":"wp","href":"https:\/\/api.w.org\/{rel}","templated":true}]}}